{"id":55245,"date":"2021-02-19T16:42:59","date_gmt":"2021-02-19T16:42:59","guid":{"rendered":"https:\/\/lgca.uk\/?page_id=55245"},"modified":"2021-03-02T07:41:56","modified_gmt":"2021-03-02T07:41:56","slug":"jonathan-price","status":"publish","type":"page","link":"https:\/\/lgca.uk\/el\/jonathan-price\/","title":{"rendered":"Jonathan Price"},"content":{"rendered":"<div class=\"wp-block-image\"><figure class=\"alignleft size-large is-resized\"><img loading=\"lazy\" src=\"https:\/\/lgca.uk\/wp-content\/uploads\/2021\/02\/thumbnail_image001-1.jpg\" alt=\"\" class=\"wp-image-55243\" width=\"214\" height=\"212\" srcset=\"https:\/\/lgca.uk\/wp-content\/uploads\/2021\/02\/thumbnail_image001-1.jpg 300w, https:\/\/lgca.uk\/wp-content\/uploads\/2021\/02\/thumbnail_image001-1-150x150.jpg 150w, https:\/\/lgca.uk\/wp-content\/uploads\/2021\/02\/thumbnail_image001-1-24x24.jpg 24w, https:\/\/lgca.uk\/wp-content\/uploads\/2021\/02\/thumbnail_image001-1-36x36.jpg 36w, https:\/\/lgca.uk\/wp-content\/uploads\/2021\/02\/thumbnail_image001-1-48x48.jpg 48w\" sizes=\"(max-width: 214px) 100vw, 214px\" \/><\/figure><\/div>\n\n\n\n<p>Jonathan is a Visiting Lecturer in Business Law at the University of Law, London, and a Professeur Adjoint in Finance at Grenoble Ecole de Management in Grenoble, France. When not teaching he serves as board director in a number of commercial enterprises covering technology, healthcare and real estate. Dual qualified in law and finance and with more than thirty years\u2019 experience of finance, Jonathan is well equipped to explain the key insights&nbsp; in today\u2019s fast changing world. Throughout his career Jonathan has maintained an international perspective&nbsp; and has lived and worked in Asia.<\/p>\n\n\n\n<p>Jonathan has always been motivated by a desire to help others and has held a number of voluntary roles. For the past five years he has acted as Trustee for an African NGO, Justice Defenders.<\/p>\n\n\n\n<p>MA (Hons) Cantab. in Law; licence sp\u00e9cial en droit europ\u00e9en (Universit\u00e9 Libre de Bruxelles); Certified Diploma in Accounting &amp; Finance (ACCA); Chartered Fellow of the Chartered Institute for Securities &amp; Investment.<\/p>\n\n\n\n<p><strong>Bespoke In-House Training\u00a0<\/strong><\/p>\n<p>Select any of the below topics and\u00a0<span style=\"text-decoration: underline; color: #0000ff;\"><em><strong><a style=\"color: #0000ff; text-decoration: underline;\" href=\"https:\/\/lgca.uk\/el\/contact-us\/\">contact us<\/a><\/strong><\/em><\/span>\u00a0for a free consultation and a quotation. Upskill your organization through LGCA:\u00a0<\/p>\n\n\n\n<ul>\n<li>Innovations in financial concepts and the balance between financial regulation and financial innovations\u00a0 \u00a0\u00a0<\/li>\n<li>Use of blockchain in real estate<\/li>\n<li>Introduction to Bond and Equity Markets in UK<\/li>\n<li>Competition Law<\/li>\n<li>Real Estate and Alternative Investments<\/li>\n<li>UK Trust and Investment Industry<\/li>\n<li>Finance Accounting and Risk<\/li>\n<li>Entrepreneurial Finance<\/li>\n<li>International Trade Law<\/li>\n<li>Shareholder Assurance and Corporate Governance for Financial Firms<\/li>\n<li>Risk Management and Prevention in Financial Services, including an Introduction to Basel III Capital Adequacy<\/li>\n<li>Intellectual Property Law<\/li>\n<li>M&amp;A and Company Valuation<\/li>\n<li>The Legal Aspects of International Business<\/li>\n<li>Mergers &amp; Acquisitions<\/li>\n<li>Private Equity, Venture Funding and Restructuring<\/li>\n<li>Board Development and Strategy<\/li>\n<li>Introduction to Basel III Capital Adequacy<\/li>\n<\/ul>\n\n\n\n<p><\/p>","protected":false},"excerpt":{"rendered":"<p>Jonathan is a Visiting Lecturer in Business Law at the University of Law, London, and a Professeur Adjoint in Finance at Grenoble Ecole de Management in Grenoble, France. When not teaching he serves as board director in a number of commercial enterprises covering technology, healthcare and real estate. Dual qualified in law and finance and [&hellip;]<\/p>","protected":false},"author":1,"featured_media":0,"parent":0,"menu_order":0,"comment_status":"closed","ping_status":"closed","template":"","meta":{"content-type":"","inline_featured_image":false},"_links":{"self":[{"href":"https:\/\/lgca.uk\/el\/wp-json\/wp\/v2\/pages\/55245"}],"collection":[{"href":"https:\/\/lgca.uk\/el\/wp-json\/wp\/v2\/pages"}],"about":[{"href":"https:\/\/lgca.uk\/el\/wp-json\/wp\/v2\/types\/page"}],"author":[{"embeddable":true,"href":"https:\/\/lgca.uk\/el\/wp-json\/wp\/v2\/users\/1"}],"replies":[{"embeddable":true,"href":"https:\/\/lgca.uk\/el\/wp-json\/wp\/v2\/comments?post=55245"}],"version-history":[{"count":0,"href":"https:\/\/lgca.uk\/el\/wp-json\/wp\/v2\/pages\/55245\/revisions"}],"wp:attachment":[{"href":"https:\/\/lgca.uk\/el\/wp-json\/wp\/v2\/media?parent=55245"}],"curies":[{"name":"wp","href":"https:\/\/api.w.org\/{rel}","templated":true}]}}